{"id":214,"date":"2020-08-04T14:41:05","date_gmt":"2020-08-04T14:41:05","guid":{"rendered":"http:\/\/mietdeinboot.de\/?page_id=214"},"modified":"2022-03-28T16:16:04","modified_gmt":"2022-03-28T16:16:04","slug":"agb","status":"publish","type":"page","link":"https:\/\/mietdeinboot.de\/?page_id=214","title":{"rendered":"AGB"},"content":{"rendered":"\n<p><strong>Bitte immer mindestens eine halbe Stunde vorher da sein,<\/strong><\/p>\n\n\n\n<p><strong>damit eine Einweisung \u2013 die es immer gibt-<\/strong><\/p>\n\n\n\n<p><strong>ohne Hektik ablaufen kann!<\/strong><\/p>\n\n\n\n<h2>Allgemeine Charterbedingungen<\/h2>\n\n\n\n<p><strong>\u00a71. Ablauf<\/strong><\/p>\n\n\n\n<p>Die gesetzlich vorgeschriebene Einweisung und R\u00fcckgabe des Bootes ist in der Mietdauer zu ber\u00fccksichtigen.<\/p>\n\n\n\n<p>Der Mieter tritt in alle Haftungen und Verantwortungen eines Bootsf\u00fchrers ein.<\/p>\n\n\n\n<p>Die Charterzeit beginnt mit Betreten des Stegs, sp\u00e4testens jedoch zu der vereinbarten Startzeit und endet mit Verlassen des Stegs.<\/p>\n\n\n\n<p>Bitte unbedingt eine halbe Stunde vor Charterbeginn da sein, da die Charterzeit zum Vereinbarten Zeitpunkt beginnt.<\/p>\n\n\n\n<p>Be- &amp; Entladen, Ein- &amp; Aussteigen, die Einweisung in das Boot und die Ordnungsgem\u00e4\u00dfe R\u00fcckgabe sind Bestandteil der Charterzeit.<\/p>\n\n\n\n<p>Die erhobene Kaution muss in Bar bei Charterbeginn hinterlegt werden.<\/p>\n\n\n\n<p style=\"line-height:0\">Stand Up Paddel &#8211; 20 Euro Kaution<\/p>\n\n\n\n<p style=\"line-height:0\">Motorboot Rajo &#8211; 200 Euro Kaution<\/p>\n\n\n\n<p style=\"line-height:0\">Motorboot Blue Sloep &#8211; 200 Euro Kaution<\/p>\n\n\n\n<p style=\"line-height:0\">Pontomfamilie &#8211; 250 Euro Kaution<\/p>\n\n\n\n<p style=\"line-height:1.5\"><strong>\u00a72. Ausfall des Bootes<\/strong><\/p>\n\n\n\n<p>Bei Ausfall des Bootes ist der Mieter zu einer entsprechenden Charterminderung berechtigt, sofern er dem Vermieter den Ausfall unverz\u00fcglich mitteilt und die Ausfallgr\u00fcnde vom Vermieter zu vertreten sind. Im Zweifelsfall hat der Mieter nachzuweisen, dass die zum Ausfall f\u00fchrende Ursache vom Vermieter bzw. nicht von ihm zu vertreten ist.<\/p>\n\n\n\n<p><strong>\u00a73. Versp\u00e4tete R\u00fcckgabe<\/strong><\/p>\n\n\n\n<p>Bei \u00dcberschreitung der laut Chartervertrag (Motorboot Rajo) festgelegten R\u00fcckgabezeit fallen grunds\u00e4tzlich 40,- \u20ac je angefangene Stunde an. Dar\u00fcber hinaus tr\u00e4gt der Mieter zus\u00e4tzlich anfallende Kosten, die z.B. durch Vertragsverletzung f\u00fcr einen Folgecharter oder Zusatzaufwand f\u00fcr den Vermieter entstehen k\u00f6nnen. Bei \u00dcberschreitung der Mietzeit bei unseren Stand Up Paddels werden pro angefangener Stunde 10 Euro f\u00e4llig.<\/p>\n\n\n\n<p>Der Mieter ist im Sinne einer Schadensminimierung angehalten, den Vermieter bei voraussichtlicher \u00dcberschreitung der vereinbarten Charterzeit m\u00f6glichst rechtzeitig zu informieren.<\/p>\n\n\n\n<p>Mit Unterzeichnung des \u00dcbergabeprotokolls best\u00e4tigt der Mieter die \u00dcbernahme des Bootes sowie des Zubeh\u00f6rs in einwandfreiem Zustand. Verborgene M\u00e4ngel sind dem Vermieter unverz\u00fcglich nach Feststellung mitzuteilen, wobei der Vermieter dem Mieter unverz\u00fcglich Gelegenheit gibt, die M\u00e4ngel zu beseitigen. Weitere Anspr\u00fcche des Mieters sind ausgeschlossen.<\/p>\n\n\n\n<p>Die gesetzlich vorgeschriebene Einweisung und R\u00fcckgabe des Bootes ist in der Mietdauer zu ber\u00fccksichtigen.<\/p>\n\n\n\n<p><strong>\u00a74. Haftung<\/strong><\/p>\n\n\n\n<p>Der Mieter haftet f\u00fcr alle Sach- und Personensch\u00e4den, die von \u00dcbernahme bis R\u00fcckgabe am Ort der \u00dcbernahme entstehen. Eigenm\u00e4chtige Reparaturen d\u00fcrfen nicht am Boot ohne Zustimmung des Vermieters durchgef\u00fchrt werden. Verlust oder Besch\u00e4digung des Bootes, egal aus welchem Grund, sind dem Vermieter unverz\u00fcglich zu melden. Bei R\u00fcckgabe hat der Mieter fremdes Eigentum zu entfernen und haftet daf\u00fcr. Das Boot wird in einem ordentlichen Zustand \u00fcbergeben und muss in einem ordentlichen Zustand zur\u00fcckgegeben werden. Die Endreinigung wird vom Vermieter durchgef\u00fchrt. Im Falle grober<\/p>\n\n\n\n<p>Verschmutzung, wie zum Beispiel Schlamm an Boot\/Deck oder Anker oder verschmutzten Leinen, nicht entsorgtem M\u00fcll, beh\u00e4lt der Vermieter sich das Recht vor, dem Mieter eine Endreinigungsgeb\u00fchr in H\u00f6he von 20,00 \u20ac in Rechnung zu stellen und mit der Kaution zu verrechnen.<\/p>\n\n\n\n<p>Die R\u00fccknahme erfolgt unter dem Vorbehalt einer vollst\u00e4ndigen \u00dcberpr\u00fcfung des ordnungsgem\u00e4\u00dfen Zustandes. Erfolgt die R\u00fcckgabe des Bootes nicht in ordnungsgem\u00e4\u00dfen, betriebsf\u00e4higen und kompletten Zustand, dazu z\u00e4hlt auch der Verlust oder die Besch\u00e4digung des Bootes oder der Ausstattung durch h\u00f6here Gewalt, wie z.B. Sturm, so ist der Vermieter berechtigt, diesen Zustand zu Lasten des Mieters herzustellen bzw. herstellen zu lassen. Er gibt dem Mieter Gelegenheit, unverz\u00fcglich eine \u00dcberpr\u00fcfung durchzuf\u00fchren bzw. durchf\u00fchren zu lassen. Erfolgt die \u00dcberpr\u00fcfung seitens des Mieters nicht unverz\u00fcglich, so ist der Vermieter berechtigt, die Beseitigung von Sch\u00e4den vorzunehmen bzw. vornehmen zu lassen und alle entstandenen Kosten mit der Kaution zu verrechnen. Ist eine Instandsetzung des Bootes entsprechend Einsch\u00e4tzung des Vermieters nicht m\u00f6glich oder wirtschaftlich nicht sinnvoll, so ist der Mieter verpflichtet, die Kosten der Neubeschaffung zu zahlen. Nach vollst\u00e4ndiger Zahlung kann der Mieter Anspruch auf das besch\u00e4digte Boot \/ die Ausstattung geltend machen. In der Mietzeit entstandene Sch\u00e4den am Boot, Verlust von Inventar, verursachte Fremdsch\u00e4den oder Unf\u00e4lle muss der Mieter dem Vermieters unverz\u00fcglich mitteilen. Verschweigt er diese bei R\u00fcckgabe des Bootes, so haftet er nachtr\u00e4glich, sobald der Schaden bemerkt wird.<\/p>\n\n\n\n<p><strong>\u00a75. Pflichten des Mieters<\/strong><\/p>\n\n\n\n<p>Die Eigentumshinweise, Bootskennzeichen, und der Name am Boot d\u00fcrfen weder entfernt noch abgedeckt werden. Der Mieter ist verpflichtet, das Boot nur selbst und entsprechend dem Chartervertrag, sowie bestimmungsgem\u00e4\u00df einzusetzen und er hat es vor \u00dcberbeanspruchung zu sch\u00fctzen. Bei Versto\u00df tr\u00e4gt der Mieter die Seitens des Vermieters geltend gemachten Schadensersatzanspr\u00fcche.<\/p>\n\n\n\n<p class=\"has-vivid-red-color has-text-color\"><strong>Bei An-Bordnahme von nicht angemeldeten Personen oder Tieren fallen pauschal je 100 Euro zus\u00e4tzlich an.<\/strong><\/p>\n\n\n\n<p>Der Mieter ist verpflichtet Vorkehrungen und Schutzma\u00dfnahmen daf\u00fcr zu treffen, dass<\/p>\n\n\n\n<p>unbefugte Dritte keinen Zugriff auf das Boot bekommen.<\/p>\n\n\n\n<p>Verst\u00f6\u00dfe wegen Ordnungswidrigkeiten im Charterzeitraum gehen zu Lasten des Mieters.<\/p>\n\n\n\n<p>Schadensersatzanspr\u00fcche seitens des Mieters jeder Art werden ausgeschlossen, soweit sie nicht auf grober Fahrl\u00e4ssigkeit oder Vorsatz des Vermieters beruhen.<\/p>\n\n\n\n<p>Alkoholverbot f\u00fcr den Bootsf\u00fchrer!<\/p>\n\n\n\n<p>Alle Boote sind haftpflichtversichert. Sch\u00e4den am Boot gehen zu Lasten des Mieters, die dem Vermieter bezahlt werden m\u00fcssen, wobei die Kaution damit verrechnet wird.<\/p>\n\n\n\n<p>Grillen auf unseren Booten ist strengstens untersagt, bei Zuwiderhandlung behalten wir die Kaution in voller H\u00f6he ein.<\/p>\n\n\n\n<p>Der w\u00e4hrend der Mietzeit entstandene M\u00fcll muss vom Mieter entsorgt werden. Hierf\u00fcr stellt der Vermieter keine M\u00fclltonnen.<\/p>\n\n\n\n<p>Der Erf\u00fcllungsort und Gerichtsstand f\u00fcr alle Anspr\u00fcche aus der Gesch\u00e4ftsverbindung ist der Gerichtsstand in F\u00fcrstenwalde Brandenburg.<\/p>\n\n\n\n<p><strong>\u00a76. Allgemeine Einweisung<\/strong><\/p>\n\n\n\n<p class=\"has-vivid-red-color has-text-color\">Der Vermieter und der Mieter verpflichten sich, an einer Einweisung unter gleichzeitiger Kontrolle aller technischen Funktionen und Pr\u00fcfung des Vorhandenseins aller Ausr\u00fcstungsgegenst\u00e4nde ohne Zeitdruck teilzunehmen und ein Protokoll dar\u00fcber zu unterzeichnen. Eine Probefahrt wird immer durchgef\u00fchrt.<\/p>\n\n\n\n<p class=\"has-vivid-red-color has-text-color\">Dies gilt auch f\u00fcr alle Besitzer von Sportboot- und Segelscheinen.<\/p>\n\n\n\n<p class=\"has-vivid-red-color has-text-color\">Wir behalten uns es vor, Personen die wir f\u00fcr fahruntauglich halten, Aufgrund psychischer und physischer M\u00e4ngel, nicht fahren zu lassen.<\/p>\n\n\n\n<p class=\"has-vivid-red-color has-text-color\">Dieser Zustand hebt aber nicht den Mietvertrag auf! Die Sicherheit geht vor!<\/p>\n\n\n\n<p>Das Betreten der Stege, Ein-, Aussteigen usw. erfolgt auf eigene Gefahr. Der Mieter haftet f\u00fcr die ihn begleitenden Personen. Achtung beim Einsteigen. Das Biminigest\u00e4nge ist kein Kletterger\u00fcst. Es h\u00e4lt nur das Bimini \/ das Klappverdeck \u2013 nicht das Gewicht ein- oder aussteigender Personen. Um die Polster der Boote zu sch\u00fctzen, ist das Schuhwerk vor betreten der Boote auszuziehen.<\/p>\n\n\n\n<p>Auch f\u00fcr f\u00fchrerscheinfreie Boote gilt die Binnenschifffahrtsstra\u00dfenordnung, die \u201eSTVO\u201c auf dem Wasser. Die Sicherheitshinweise und die Sportbootvermietungsverordnung (an Bord \u2013 in der Bootsmappe) sind unbedingt zu beachten.<\/p>\n\n\n\n<p>Mit Unterschrift best\u00e4tigt der Mieter vor Charterbeginn eine umfassende Einweisung erhalten zu haben. z.B. wurde auf folgendes verwiesen:<\/p>\n\n\n\n<p>Das F\u00fchren des Bootes ist grunds\u00e4tzlich nur innerhalb der Wasserstra\u00dfen, begrenzt durch rote und gr\u00fcne Bojen, erlaubt. Insbesondere sind Flachwasserbereiche, teilweise gekennzeichnet durch gelbe Bojen, zu meiden.<\/p>\n\n\n\n<p>Beim Verlassen der Wasserstra\u00dfe ist kleinstm\u00f6gliche Geschwindigkeit Pflicht (meist kleine Fahrt) und es ist ununterbrochen zu pr\u00fcfen ob die Wassertiefe noch mindestens 1 m betr\u00e4gt (z.B. mit Bootshaken oder Anker).<\/p>\n\n\n\n<p class=\"has-vivid-red-color has-text-color\">Das Befahren einer Wassertiefe von weniger als 1 m ist verboten.<\/p>\n\n\n\n<p>Die wichtigsten Schilder kann man auch ohne detaillierte Kenntnisse richtig deuten. So sind die Geschwindigkeitsbegrenzungen einzuhalten, meist 9 km\/h. Einfach zu deutende Schilder (z.B.: durchgestrichene Schiffsschraube = Durchfahrt f\u00fcr Motorboote verboten, durchgestrichener Anker = ankern verboten, durchgestrichener Poller = Anlegen verboten, doppelte Wellenlinie = Sog und Wellenschlag vermeiden) sind zu beachten.<\/p>\n\n\n\n<p>Grunds\u00e4tzlich gilt: alle Anderen haben Vorfahrt (F\u00e4hren, Berufsschifffahrt, kleine Boote ohne Motor, Dienstfahrzeuge, Segler, Kanu, etc.).<\/p>\n\n\n\n<p>Im Verh\u00e4ltnis zu gleichrangigen Motorbooten gilt:\u201erechts vor links\u201c. Im Zweifelsfall weichen Sie immer rechtzeitig mit einem f\u00fcr die anderen deutlich erkennbaren Kurs aus.<\/p>\n\n\n\n<p>Falls Sie ankern oder anlegen (Baden, Essen, Gastanlieger, &#8230;) so haben Sie sicher zu stellen, dass sich das Boot nicht l\u00f6sen kann und auch bei pl\u00f6tzlichem starken Wellengang nicht mit dem Steg o.a. festen Materialien in Ber\u00fchrung kommen kann, sondern die Ber\u00fchrung ausschlie\u00dflich mit weichen Materialien wie den Fendern erfolgt. Sollte dies an einer Anker- oder Anlegestelle nicht m\u00f6glich sein, so k\u00f6nnen Sie dort nicht ankern oder anlegen. Festmachen ist grunds\u00e4tzlich nur an gekennzeichneten Stellen erlaubt (nicht an Schildern, B\u00e4umen, Bojen \u2026). Die Fender bleiben w\u00e4hrend der Fahrt immer au\u00dfen am Boot befestigt.<\/p>\n\n\n\n<p>Bei Baden vom Boot aus ist der Motor unbedingt auszuschalten.<\/p>\n\n\n\n<p>Bei unsichtigem Wetter (Sicht unter 500 m) ist die Beleuchtung einzuschalten.<\/p>\n\n\n\n<p>Bei aufkommenden Gewitter und oder starken Wind suchen Sie schnellstm\u00f6glich einen sicheren Liegeplatz auf (z.B. Hafen) und verlassen das Boot.<\/p>\n\n\n\n<p><strong>\u00a77. Buchung-Reservierung-Stornierung<\/strong><\/p>\n\n\n\n<p>(1) Motorboote, SUP &#8211; Boards k\u00f6nnen im Voraus, ab einer Mietdauer von 2 Stunden, reserviert werden. Die Reservierung kann telefonisch oder per E-Mail erfolgen. Sie ist gem\u00e4\u00df BGB in jedem Fall f\u00fcr beide Seiten verbindlich. Der Vertrag kommt durch Antrag (Angebot) und Annahme (Reservierung, schriftlich oder m\u00fcndlich) zustande. Da der Vermieter nach Vertragsabschluss sofort mit seiner Arbeit beginnt, verliert der Mieter, mit dessen ausdr\u00fccklicher Zustimmung, bei Vertragsabschluss sein vom Gesetzgeber gefordertes 14-t\u00e4giges Widerrufsrecht.<\/p>\n\n\n\n<p>(2) Der Vermieter kann im Zusammenhang mit der Reservierung eine Anzahlung verlangen. Der Mieter kann bis zum 10. Tag vor dem Reservierungsdatum kostenfrei von seiner Reservierung zur\u00fccktreten. Tritt der Mieter nach dieser Frist von der Reservierung zur\u00fcck, so besteht seinerseits eine Schadensersatzpflicht in H\u00f6he von 50% des vereinbarten Mietpreises. K\u00f6nnen die reservierten Boote (\u00fcber den vorher reservierten Zeitraum) anderweitig vermietet werden, besteht keine Pflicht f\u00fcr Schadenersatzleistungen durch den Mieter.<\/p>\n\n\n\n<p>(3) Der Vermieter ist verpflichtet, die reservierten Boote f\u00fcr den Zeitraum der Buchung zur Verf\u00fcgung zu stellen. Sollte der Vermieter durch besondere Umst\u00e4nde zum Vertragsr\u00fccktritt gezwungen werden (Bsp. Motorschaden), so erh\u00e4lt der Mieter alle bis dahin geleisteten Zahlungen in voller H\u00f6he zur\u00fcck.<\/p>\n\n\n\n<p><strong>\u00a78. Sonstiges<\/strong><\/p>\n\n\n\n<p>Alle Vereinbarungen und Bestimmungen unterliegen dem Recht der Bundesrepublik Deutschland. Sollten einzelne Bestimmungen in den Allgemeinen Charterbedingungen oder Reservierung, im Chartervertrag\/ \u00dcbergabeprotokoll ung\u00fcltig sein, so bleiben die \u00fcbrigen g\u00fcltig. Die ung\u00fcltige Bestimmung wird durch eine g\u00fcltige Bestimmung ersetzt, welche dem den Beabsichtigtem wirtschaftlichen Zweck weitgehend gerecht wird.<\/p>\n\n\n\n<p>Stand 2022<\/p>\n","protected":false},"excerpt":{"rendered":"<p>Bitte immer mindestens eine halbe Stunde vorher da sein, damit eine Einweisung \u2013 die es immer gibt- ohne Hektik ablaufen kann! Allgemeine Charterbedingungen \u00a71. Ablauf Die gesetzlich vorgeschriebene Einweisung und R\u00fcckgabe des Bootes ist in der Mietdauer zu ber\u00fccksichtigen. Der Mieter tritt in alle Haftungen und Verantwortungen eines Bootsf\u00fchrers ein. Die Charterzeit beginnt mit Betreten &hellip; <\/p>\n<p class=\"link-more\"><a href=\"https:\/\/mietdeinboot.de\/?page_id=214\" class=\"more-link\"><span class=\"screen-reader-text\">\u201eAGB\u201c<\/span> weiterlesen<\/a><\/p>\n","protected":false},"author":1,"featured_media":0,"parent":0,"menu_order":0,"comment_status":"closed","ping_status":"closed","template":"template-full-width.php","meta":[],"yoast_head":"<!-- This site is optimized with the Yoast SEO plugin v19.6 - https:\/\/yoast.com\/wordpress\/plugins\/seo\/ -->\n<title>AGB - mietdeinboot.de<\/title>\n<meta name=\"robots\" content=\"index, follow, max-snippet:-1, max-image-preview:large, max-video-preview:-1\" \/>\n<link rel=\"canonical\" href=\"https:\/\/mietdeinboot.de\/?page_id=214\" \/>\n<meta property=\"og:locale\" content=\"de_DE\" \/>\n<meta property=\"og:type\" content=\"article\" \/>\n<meta property=\"og:title\" content=\"AGB - mietdeinboot.de\" \/>\n<meta property=\"og:description\" content=\"Bitte immer mindestens eine halbe Stunde vorher da sein, damit eine Einweisung \u2013 die es immer gibt- ohne Hektik ablaufen kann! Allgemeine Charterbedingungen \u00a71. Ablauf Die gesetzlich vorgeschriebene Einweisung und R\u00fcckgabe des Bootes ist in der Mietdauer zu ber\u00fccksichtigen. Der Mieter tritt in alle Haftungen und Verantwortungen eines Bootsf\u00fchrers ein. Die Charterzeit beginnt mit Betreten &hellip; \u201eAGB\u201c weiterlesen\" \/>\n<meta property=\"og:url\" content=\"https:\/\/mietdeinboot.de\/?page_id=214\" \/>\n<meta property=\"og:site_name\" content=\"mietdeinboot.de\" \/>\n<meta property=\"article:modified_time\" content=\"2022-03-28T16:16:04+00:00\" \/>\n<meta name=\"twitter:card\" content=\"summary_large_image\" \/>\n<meta name=\"twitter:label1\" content=\"Gesch\u00e4tzte Lesezeit\" \/>\n\t<meta name=\"twitter:data1\" content=\"9 Minuten\" \/>\n<script type=\"application\/ld+json\" class=\"yoast-schema-graph\">{\"@context\":\"https:\/\/schema.org\",\"@graph\":[{\"@type\":\"WebPage\",\"@id\":\"https:\/\/mietdeinboot.de\/?page_id=214\",\"url\":\"https:\/\/mietdeinboot.de\/?page_id=214\",\"name\":\"AGB - mietdeinboot.de\",\"isPartOf\":{\"@id\":\"https:\/\/mietdeinboot.de\/#website\"},\"datePublished\":\"2020-08-04T14:41:05+00:00\",\"dateModified\":\"2022-03-28T16:16:04+00:00\",\"breadcrumb\":{\"@id\":\"https:\/\/mietdeinboot.de\/?page_id=214#breadcrumb\"},\"inLanguage\":\"de-DE\",\"potentialAction\":[{\"@type\":\"ReadAction\",\"target\":[\"https:\/\/mietdeinboot.de\/?page_id=214\"]}]},{\"@type\":\"BreadcrumbList\",\"@id\":\"https:\/\/mietdeinboot.de\/?page_id=214#breadcrumb\",\"itemListElement\":[{\"@type\":\"ListItem\",\"position\":1,\"name\":\"Startseite\",\"item\":\"https:\/\/mietdeinboot.de\/?page_id=11005\"},{\"@type\":\"ListItem\",\"position\":2,\"name\":\"AGB\"}]},{\"@type\":\"WebSite\",\"@id\":\"https:\/\/mietdeinboot.de\/#website\",\"url\":\"https:\/\/mietdeinboot.de\/\",\"name\":\"mietdeinboot.de\",\"description\":\"\",\"publisher\":{\"@id\":\"https:\/\/mietdeinboot.de\/#organization\"},\"potentialAction\":[{\"@type\":\"SearchAction\",\"target\":{\"@type\":\"EntryPoint\",\"urlTemplate\":\"https:\/\/mietdeinboot.de\/?s={search_term_string}\"},\"query-input\":\"required name=search_term_string\"}],\"inLanguage\":\"de-DE\"},{\"@type\":\"Organization\",\"@id\":\"https:\/\/mietdeinboot.de\/#organization\",\"name\":\"Bootsverleih mietdeinboot\",\"url\":\"https:\/\/mietdeinboot.de\/\",\"sameAs\":[\"https:\/\/www.instagram.com\/mietdeinboot\/\"],\"logo\":{\"@type\":\"ImageObject\",\"inLanguage\":\"de-DE\",\"@id\":\"https:\/\/mietdeinboot.de\/#\/schema\/logo\/image\/\",\"url\":\"https:\/\/mietdeinboot.de\/wp-content\/uploads\/2020\/06\/Rastergrafik-1.png\",\"contentUrl\":\"https:\/\/mietdeinboot.de\/wp-content\/uploads\/2020\/06\/Rastergrafik-1.png\",\"width\":201,\"height\":209,\"caption\":\"Bootsverleih mietdeinboot\"},\"image\":{\"@id\":\"https:\/\/mietdeinboot.de\/#\/schema\/logo\/image\/\"}}]}<\/script>\n<!-- \/ Yoast SEO plugin. -->","yoast_head_json":{"title":"AGB - mietdeinboot.de","robots":{"index":"index","follow":"follow","max-snippet":"max-snippet:-1","max-image-preview":"max-image-preview:large","max-video-preview":"max-video-preview:-1"},"canonical":"https:\/\/mietdeinboot.de\/?page_id=214","og_locale":"de_DE","og_type":"article","og_title":"AGB - mietdeinboot.de","og_description":"Bitte immer mindestens eine halbe Stunde vorher da sein, damit eine Einweisung \u2013 die es immer gibt- ohne Hektik ablaufen kann! Allgemeine Charterbedingungen \u00a71. Ablauf Die gesetzlich vorgeschriebene Einweisung und R\u00fcckgabe des Bootes ist in der Mietdauer zu ber\u00fccksichtigen. Der Mieter tritt in alle Haftungen und Verantwortungen eines Bootsf\u00fchrers ein. Die Charterzeit beginnt mit Betreten &hellip; \u201eAGB\u201c weiterlesen","og_url":"https:\/\/mietdeinboot.de\/?page_id=214","og_site_name":"mietdeinboot.de","article_modified_time":"2022-03-28T16:16:04+00:00","twitter_card":"summary_large_image","twitter_misc":{"Gesch\u00e4tzte Lesezeit":"9 Minuten"},"schema":{"@context":"https:\/\/schema.org","@graph":[{"@type":"WebPage","@id":"https:\/\/mietdeinboot.de\/?page_id=214","url":"https:\/\/mietdeinboot.de\/?page_id=214","name":"AGB - mietdeinboot.de","isPartOf":{"@id":"https:\/\/mietdeinboot.de\/#website"},"datePublished":"2020-08-04T14:41:05+00:00","dateModified":"2022-03-28T16:16:04+00:00","breadcrumb":{"@id":"https:\/\/mietdeinboot.de\/?page_id=214#breadcrumb"},"inLanguage":"de-DE","potentialAction":[{"@type":"ReadAction","target":["https:\/\/mietdeinboot.de\/?page_id=214"]}]},{"@type":"BreadcrumbList","@id":"https:\/\/mietdeinboot.de\/?page_id=214#breadcrumb","itemListElement":[{"@type":"ListItem","position":1,"name":"Startseite","item":"https:\/\/mietdeinboot.de\/?page_id=11005"},{"@type":"ListItem","position":2,"name":"AGB"}]},{"@type":"WebSite","@id":"https:\/\/mietdeinboot.de\/#website","url":"https:\/\/mietdeinboot.de\/","name":"mietdeinboot.de","description":"","publisher":{"@id":"https:\/\/mietdeinboot.de\/#organization"},"potentialAction":[{"@type":"SearchAction","target":{"@type":"EntryPoint","urlTemplate":"https:\/\/mietdeinboot.de\/?s={search_term_string}"},"query-input":"required name=search_term_string"}],"inLanguage":"de-DE"},{"@type":"Organization","@id":"https:\/\/mietdeinboot.de\/#organization","name":"Bootsverleih mietdeinboot","url":"https:\/\/mietdeinboot.de\/","sameAs":["https:\/\/www.instagram.com\/mietdeinboot\/"],"logo":{"@type":"ImageObject","inLanguage":"de-DE","@id":"https:\/\/mietdeinboot.de\/#\/schema\/logo\/image\/","url":"https:\/\/mietdeinboot.de\/wp-content\/uploads\/2020\/06\/Rastergrafik-1.png","contentUrl":"https:\/\/mietdeinboot.de\/wp-content\/uploads\/2020\/06\/Rastergrafik-1.png","width":201,"height":209,"caption":"Bootsverleih mietdeinboot"},"image":{"@id":"https:\/\/mietdeinboot.de\/#\/schema\/logo\/image\/"}}]}},"_links":{"self":[{"href":"https:\/\/mietdeinboot.de\/index.php?rest_route=\/wp\/v2\/pages\/214"}],"collection":[{"href":"https:\/\/mietdeinboot.de\/index.php?rest_route=\/wp\/v2\/pages"}],"about":[{"href":"https:\/\/mietdeinboot.de\/index.php?rest_route=\/wp\/v2\/types\/page"}],"author":[{"embeddable":true,"href":"https:\/\/mietdeinboot.de\/index.php?rest_route=\/wp\/v2\/users\/1"}],"replies":[{"embeddable":true,"href":"https:\/\/mietdeinboot.de\/index.php?rest_route=%2Fwp%2Fv2%2Fcomments&post=214"}],"version-history":[{"count":10,"href":"https:\/\/mietdeinboot.de\/index.php?rest_route=\/wp\/v2\/pages\/214\/revisions"}],"predecessor-version":[{"id":287,"href":"https:\/\/mietdeinboot.de\/index.php?rest_route=\/wp\/v2\/pages\/214\/revisions\/287"}],"wp:attachment":[{"href":"https:\/\/mietdeinboot.de\/index.php?rest_route=%2Fwp%2Fv2%2Fmedia&parent=214"}],"curies":[{"name":"wp","href":"https:\/\/api.w.org\/{rel}","templated":true}]}}