{"id":23,"date":"2020-06-25T18:16:34","date_gmt":"2020-06-25T18:16:34","guid":{"rendered":"http:\/\/mietdeinboot.de\/?page_id=23"},"modified":"2024-04-20T05:22:20","modified_gmt":"2024-04-20T05:22:20","slug":"bootsverleih","status":"publish","type":"page","link":"https:\/\/mietdeinboot.de\/?page_id=23","title":{"rendered":"Boote"},"content":{"rendered":"\n<figure class=\"wp-container-2 wp-block-gallery-1 wp-block-gallery aligncenter has-nested-images columns-default is-cropped\">\n<figure class=\"wp-block-image size-large\"><img loading=\"lazy\" width=\"768\" height=\"1024\" data-id=\"259\"  src=\"https:\/\/mietdeinboot.de\/wp-content\/uploads\/2021\/06\/image01885-768x1024.jpeg\" alt=\"\" class=\"wp-image-259\" srcset=\"https:\/\/mietdeinboot.de\/wp-content\/uploads\/2021\/06\/image01885-768x1024.jpeg 768w, https:\/\/mietdeinboot.de\/wp-content\/uploads\/2021\/06\/image01885-225x300.jpeg 225w, https:\/\/mietdeinboot.de\/wp-content\/uploads\/2021\/06\/image01885-1152x1536.jpeg 1152w, https:\/\/mietdeinboot.de\/wp-content\/uploads\/2021\/06\/image01885-1536x2048.jpeg 1536w, https:\/\/mietdeinboot.de\/wp-content\/uploads\/2021\/06\/image01885-scaled.jpeg 1920w\" sizes=\"(max-width: 706px) 89vw, (max-width: 767px) 82vw, 740px\" \/><figcaption>Red Ponto<\/figcaption><\/figure>\n\n\n\n<figure class=\"wp-block-image size-large\"><img loading=\"lazy\" width=\"789\" height=\"1024\" data-id=\"260\"  src=\"https:\/\/mietdeinboot.de\/wp-content\/uploads\/2021\/06\/image00004-789x1024.jpeg\" alt=\"\" class=\"wp-image-260\" srcset=\"https:\/\/mietdeinboot.de\/wp-content\/uploads\/2021\/06\/image00004-789x1024.jpeg 789w, https:\/\/mietdeinboot.de\/wp-content\/uploads\/2021\/06\/image00004-231x300.jpeg 231w, https:\/\/mietdeinboot.de\/wp-content\/uploads\/2021\/06\/image00004-768x997.jpeg 768w, https:\/\/mietdeinboot.de\/wp-content\/uploads\/2021\/06\/image00004-1183x1536.jpeg 1183w, https:\/\/mietdeinboot.de\/wp-content\/uploads\/2021\/06\/image00004-1577x2048.jpeg 1577w, https:\/\/mietdeinboot.de\/wp-content\/uploads\/2021\/06\/image00004-scaled.jpeg 1971w\" sizes=\"(max-width: 706px) 89vw, (max-width: 767px) 82vw, 740px\" \/><figcaption>Red Ponto<\/figcaption><\/figure>\n\n\n\n<figure class=\"wp-block-image size-large\"><img loading=\"lazy\" width=\"1024\" height=\"768\" data-id=\"263\"  src=\"https:\/\/mietdeinboot.de\/wp-content\/uploads\/2021\/06\/image00002-1024x768.jpeg\" alt=\"\" class=\"wp-image-263\" srcset=\"https:\/\/mietdeinboot.de\/wp-content\/uploads\/2021\/06\/image00002-1024x768.jpeg 1024w, https:\/\/mietdeinboot.de\/wp-content\/uploads\/2021\/06\/image00002-300x225.jpeg 300w, https:\/\/mietdeinboot.de\/wp-content\/uploads\/2021\/06\/image00002-768x576.jpeg 768w, https:\/\/mietdeinboot.de\/wp-content\/uploads\/2021\/06\/image00002-1536x1152.jpeg 1536w, https:\/\/mietdeinboot.de\/wp-content\/uploads\/2021\/06\/image00002-2048x1536.jpeg 2048w\" sizes=\"(max-width: 706px) 89vw, (max-width: 767px) 82vw, 740px\" \/><figcaption>Red Ponto<\/figcaption><\/figure>\n\n\n\n<figure class=\"wp-block-image size-large\"><img loading=\"lazy\" width=\"768\" height=\"1024\" data-id=\"264\"  src=\"https:\/\/mietdeinboot.de\/wp-content\/uploads\/2021\/06\/image00001-768x1024.jpeg\" alt=\"\" class=\"wp-image-264\" srcset=\"https:\/\/mietdeinboot.de\/wp-content\/uploads\/2021\/06\/image00001-768x1024.jpeg 768w, https:\/\/mietdeinboot.de\/wp-content\/uploads\/2021\/06\/image00001-225x300.jpeg 225w, https:\/\/mietdeinboot.de\/wp-content\/uploads\/2021\/06\/image00001-1152x1536.jpeg 1152w, https:\/\/mietdeinboot.de\/wp-content\/uploads\/2021\/06\/image00001-1536x2048.jpeg 1536w, https:\/\/mietdeinboot.de\/wp-content\/uploads\/2021\/06\/image00001-scaled.jpeg 1920w\" sizes=\"(max-width: 706px) 89vw, (max-width: 767px) 82vw, 740px\" \/><figcaption>Red Ponto<\/figcaption><\/figure>\n\n\n\n<figure class=\"wp-block-image size-large\"><img loading=\"lazy\" width=\"768\" height=\"1024\" data-id=\"261\"  src=\"https:\/\/mietdeinboot.de\/wp-content\/uploads\/2021\/06\/image00003-768x1024.jpeg\" alt=\"\" class=\"wp-image-261\" srcset=\"https:\/\/mietdeinboot.de\/wp-content\/uploads\/2021\/06\/image00003-768x1024.jpeg 768w, https:\/\/mietdeinboot.de\/wp-content\/uploads\/2021\/06\/image00003-225x300.jpeg 225w, https:\/\/mietdeinboot.de\/wp-content\/uploads\/2021\/06\/image00003-1152x1536.jpeg 1152w, https:\/\/mietdeinboot.de\/wp-content\/uploads\/2021\/06\/image00003-1536x2048.jpeg 1536w, https:\/\/mietdeinboot.de\/wp-content\/uploads\/2021\/06\/image00003-scaled.jpeg 1920w\" sizes=\"(max-width: 706px) 89vw, (max-width: 767px) 82vw, 740px\" \/><figcaption>Red Ponto<\/figcaption><\/figure>\n\n\n\n<figure class=\"wp-block-image size-large\"><img loading=\"lazy\" width=\"768\" height=\"1024\" data-id=\"191\"  src=\"https:\/\/mietdeinboot.de\/wp-content\/uploads\/2020\/07\/WhatsApp-Image-2020-06-22-at-12.31.27-1-768x1024.jpeg\" alt=\"\" class=\"wp-image-191\" srcset=\"https:\/\/mietdeinboot.de\/wp-content\/uploads\/2020\/07\/WhatsApp-Image-2020-06-22-at-12.31.27-1-768x1024.jpeg 768w, https:\/\/mietdeinboot.de\/wp-content\/uploads\/2020\/07\/WhatsApp-Image-2020-06-22-at-12.31.27-1-225x300.jpeg 225w, https:\/\/mietdeinboot.de\/wp-content\/uploads\/2020\/07\/WhatsApp-Image-2020-06-22-at-12.31.27-1-1152x1536.jpeg 1152w, https:\/\/mietdeinboot.de\/wp-content\/uploads\/2020\/07\/WhatsApp-Image-2020-06-22-at-12.31.27-1.jpeg 1200w\" sizes=\"(max-width: 706px) 89vw, (max-width: 767px) 82vw, 740px\" \/><\/figure>\n\n\n\n<figure class=\"wp-block-image size-large\"><img loading=\"lazy\" width=\"819\" height=\"1024\" data-id=\"190\"  src=\"https:\/\/mietdeinboot.de\/wp-content\/uploads\/2020\/07\/WhatsApp-Image-2020-06-22-at-12.31.26-1-819x1024.jpeg\" alt=\"\" class=\"wp-image-190\" srcset=\"https:\/\/mietdeinboot.de\/wp-content\/uploads\/2020\/07\/WhatsApp-Image-2020-06-22-at-12.31.26-1-819x1024.jpeg 819w, https:\/\/mietdeinboot.de\/wp-content\/uploads\/2020\/07\/WhatsApp-Image-2020-06-22-at-12.31.26-1-240x300.jpeg 240w, https:\/\/mietdeinboot.de\/wp-content\/uploads\/2020\/07\/WhatsApp-Image-2020-06-22-at-12.31.26-1-768x960.jpeg 768w, https:\/\/mietdeinboot.de\/wp-content\/uploads\/2020\/07\/WhatsApp-Image-2020-06-22-at-12.31.26-1-1229x1536.jpeg 1229w, https:\/\/mietdeinboot.de\/wp-content\/uploads\/2020\/07\/WhatsApp-Image-2020-06-22-at-12.31.26-1.jpeg 1280w\" sizes=\"(max-width: 706px) 89vw, (max-width: 767px) 82vw, 740px\" \/><\/figure>\n\n\n\n<figure class=\"wp-block-image size-large\"><img loading=\"lazy\" width=\"833\" height=\"1024\" data-id=\"116\"  src=\"https:\/\/mietdeinboot.de\/wp-content\/uploads\/2020\/07\/WhatsApp-Image-2020-06-22-at-12.31.25-833x1024.jpeg\" alt=\"Unsere Boote\" class=\"wp-image-116\" srcset=\"https:\/\/mietdeinboot.de\/wp-content\/uploads\/2020\/07\/WhatsApp-Image-2020-06-22-at-12.31.25-833x1024.jpeg 833w, https:\/\/mietdeinboot.de\/wp-content\/uploads\/2020\/07\/WhatsApp-Image-2020-06-22-at-12.31.25-244x300.jpeg 244w, https:\/\/mietdeinboot.de\/wp-content\/uploads\/2020\/07\/WhatsApp-Image-2020-06-22-at-12.31.25-768x944.jpeg 768w, https:\/\/mietdeinboot.de\/wp-content\/uploads\/2020\/07\/WhatsApp-Image-2020-06-22-at-12.31.25-1250x1536.jpeg 1250w, https:\/\/mietdeinboot.de\/wp-content\/uploads\/2020\/07\/WhatsApp-Image-2020-06-22-at-12.31.25.jpeg 1302w\" sizes=\"(max-width: 706px) 89vw, (max-width: 767px) 82vw, 740px\" \/><\/figure>\n\n\n\n<figure class=\"wp-block-image size-large\"><img loading=\"lazy\" width=\"768\" height=\"1024\" data-id=\"27\"  src=\"https:\/\/mietdeinboot.de\/wp-content\/uploads\/2020\/06\/WhatsApp-Image-2020-06-22-at-12.31.18-768x1024.jpeg\" alt=\"\" class=\"wp-image-27\" srcset=\"https:\/\/mietdeinboot.de\/wp-content\/uploads\/2020\/06\/WhatsApp-Image-2020-06-22-at-12.31.18-768x1024.jpeg 768w, https:\/\/mietdeinboot.de\/wp-content\/uploads\/2020\/06\/WhatsApp-Image-2020-06-22-at-12.31.18-225x300.jpeg 225w, https:\/\/mietdeinboot.de\/wp-content\/uploads\/2020\/06\/WhatsApp-Image-2020-06-22-at-12.31.18.jpeg 1200w\" sizes=\"(max-width: 706px) 89vw, (max-width: 767px) 82vw, 740px\" \/><\/figure>\n\n\n\n<figure class=\"wp-block-image size-large\"><img loading=\"lazy\" width=\"714\" height=\"1024\" data-id=\"188\"  src=\"https:\/\/mietdeinboot.de\/wp-content\/uploads\/2020\/07\/WhatsApp-Image-2020-06-22-at-12.31.20-1-714x1024.jpeg\" alt=\"Unsere Boote\" class=\"wp-image-188\" srcset=\"https:\/\/mietdeinboot.de\/wp-content\/uploads\/2020\/07\/WhatsApp-Image-2020-06-22-at-12.31.20-1-714x1024.jpeg 714w, https:\/\/mietdeinboot.de\/wp-content\/uploads\/2020\/07\/WhatsApp-Image-2020-06-22-at-12.31.20-1-209x300.jpeg 209w, https:\/\/mietdeinboot.de\/wp-content\/uploads\/2020\/07\/WhatsApp-Image-2020-06-22-at-12.31.20-1-768x1101.jpeg 768w, https:\/\/mietdeinboot.de\/wp-content\/uploads\/2020\/07\/WhatsApp-Image-2020-06-22-at-12.31.20-1-1071x1536.jpeg 1071w, https:\/\/mietdeinboot.de\/wp-content\/uploads\/2020\/07\/WhatsApp-Image-2020-06-22-at-12.31.20-1.jpeg 1116w\" sizes=\"(max-width: 714px) 100vw, 714px\" \/><\/figure>\n<\/figure>\n\n\n\n<figure class=\"wp-block-image size-full\"><img loading=\"lazy\" width=\"1024\" height=\"768\" src=\"https:\/\/mietdeinboot.de\/wp-content\/uploads\/2022\/07\/sloep2.jpg\" alt=\"\" class=\"wp-image-289\" srcset=\"https:\/\/mietdeinboot.de\/wp-content\/uploads\/2022\/07\/sloep2.jpg 1024w, https:\/\/mietdeinboot.de\/wp-content\/uploads\/2022\/07\/sloep2-300x225.jpg 300w, https:\/\/mietdeinboot.de\/wp-content\/uploads\/2022\/07\/sloep2-768x576.jpg 768w\" sizes=\"(max-width: 706px) 89vw, (max-width: 767px) 82vw, 740px\" \/><figcaption>sloep<\/figcaption><\/figure>\n\n\n\n<figure class=\"wp-block-image size-large\"><img loading=\"lazy\" width=\"768\" height=\"1024\" src=\"https:\/\/mietdeinboot.de\/wp-content\/uploads\/2022\/07\/sloeep1-1-768x1024.jpg\" alt=\"\" class=\"wp-image-292\" srcset=\"https:\/\/mietdeinboot.de\/wp-content\/uploads\/2022\/07\/sloeep1-1-768x1025.jpg 768w, https:\/\/mietdeinboot.de\/wp-content\/uploads\/2022\/07\/sloeep1-1-225x300.jpg 225w, https:\/\/mietdeinboot.de\/wp-content\/uploads\/2022\/07\/sloeep1-1.jpg 1024w\" sizes=\"(max-width: 706px) 89vw, (max-width: 767px) 82vw, 740px\" \/><figcaption>Sloep<\/figcaption><\/figure>\n\n\n\n<h2>Unsere Boote kannst du von April &#8211; Oktober mieten<\/h2>\n\n\n\n<p>F\u00fcr die hier angebotenen Boote brauchst du keinen F\u00fchrerschein. Wenn du nur eine kurze Spritzfahrt machen m\u00f6chtest, vermieten wir dir unsere Traumschiffe aus dem Bootsverleih auch schon ab <strong>3h<\/strong>.  <\/p>\n\n\n\n<p>Magst du es lieber kompakt? Schau dir die tollen Preise unseres Bootsverleih an. W\u00e4hle das Paket, das f\u00fcr dich passt und sende uns einfach eine Buchungsanfrage an <strong>info@mietdeinboot.de<\/strong> f\u00fcr dein Wunschdatum. Es wird eine Kaution in H\u00f6he von 200 Euro und 10 Euro Versicherung in Bar vor Ort bei Mietbeginn erhoben!<\/p>\n\n\n\n<div class=\"wp-container-15 wp-block-group\"><div class=\"wp-block-group__inner-container\">\n<div class=\"wp-container-5 wp-block-columns has-very-dark-gray-color has-very-light-gray-background-color has-text-color has-background\">\n<div class=\"wp-container-3 wp-block-column\">\n<h2 style=\"font-size:16px\"><strong>Boote<\/strong><\/h2>\n\n\n\n<p class=\"has-text-align-left\">Motorboot Blue Sloep 160 D<\/p>\n\n\n\n<p>Motorboot Rajo 430 Sport<\/p>\n\n\n\n<ul><li>Zugelassen f\u00fcr 4 Personen<\/li><li>F\u00fchrerscheinfrei<\/li><li>15 PS mit E-Start<\/li><li>Echolot<\/li><li>Sitzpolster<\/li><li>kleine Badeleiter<\/li><li>4 Fender<\/li><li>2 kg Feuerl\u00f6scher<\/li><li>Anker<\/li><li>Tauwerk<\/li><li>Verbandskasten<\/li><li>20 Liter Kraftstoff<\/li><li>Bimini-Top<\/li><\/ul>\n<\/div>\n\n\n\n<div class=\"wp-container-4 wp-block-column\">\n<h2 style=\"font-size:16px\"><strong>Preise<\/strong><\/h2>\n\n\n\n<p>Motorboote Sloep &amp; Rajo<\/p>\n\n\n\n<p class=\"has-text-align-left\">3h &#8211; 120 Euro<\/p>\n\n\n\n<p>4h &#8211; 140 Euro<\/p>\n\n\n\n<p>5h &#8211; 160 Euro<\/p>\n\n\n\n<p>6h &#8211; 190 Euro<\/p>\n\n\n\n<p>Afterwork: 18:00-20:00 Uhr &#8211; <strong>90 Euro<\/strong> inklusive 10 Liter Kraftstoff<\/p>\n\n\n\n<p>-Versicherung in H\u00f6he von 10 Euro wird bei der Kaution on Top berechnet!<\/p>\n\n\n\n<p><\/p>\n\n\n\n<p><\/p>\n<\/div>\n<\/div>\n\n\n\n<div class=\"wp-container-10 wp-block-columns\">\n<div class=\"wp-container-9 wp-block-column\">\n<div class=\"wp-container-8 wp-block-columns\">\n<div class=\"wp-container-6 wp-block-column\">\n<p class=\"has-medium-font-size\">Einfach Buchungsanfrage an: <strong>info@mietdeinboot.de<\/strong><\/p>\n<\/div>\n\n\n\n<div class=\"wp-container-7 wp-block-column\">\n<p><\/p>\n<\/div>\n<\/div>\n<\/div>\n<\/div>\n\n\n\n<div class=\"wp-container-14 wp-block-columns has-very-dark-gray-color has-very-light-gray-background-color has-text-color has-background\">\n<div class=\"wp-container-12 wp-block-column\">\n<h2><strong>&#8222;RED&#8220; Ponto<\/strong><\/h2>\n\n\n\n<p>09:00 &#8211; 19:00<\/p>\n\n\n\n<p class=\"has-text-align-left\"><strong>Montag &#8211; Sonntag:<\/strong><br>4h = 150 \u20ac<br>5h = 170 \u20ac<br>6h = 190\u20ac<br><\/p>\n\n\n\n<p><\/p>\n\n\n\n<p>Pontonfamilienboot<\/p>\n\n\n\n<ul><li>Zugelassen f\u00fcr 5 Personen<\/li><li>F\u00fchrerscheinfrei<\/li><li>15 PS mit E-Start<\/li><li>Echolot<\/li><li>Sitzpolster<\/li><li>Badeleiter<\/li><li>Bimini Feuerl\u00f6scher<\/li><li>Anker<\/li><li>Tauwerk<\/li><li>Verbandskasten<\/li><li>Paddel<\/li><li>20 Liter Kraftstoff<\/li><li>Versicherung in H\u00f6he von 10 Euro wird bei der Kaution on Top berechnet!<\/li><\/ul>\n\n\n\n<div class=\"wp-container-11 is-nowrap wp-block-group\">\n<p><\/p>\n<\/div>\n<\/div>\n\n\n\n<div class=\"wp-container-13 wp-block-column\">\n<h2><strong>&#8222;BLUE&#8220; Ponto<\/strong><\/h2>\n\n\n\n<p>09:00- 19:00<\/p>\n\n\n\n<p><strong>Montag &#8211; Sonntag:<\/strong><br>4h = 150 \u20ac<br>5h = 170 \u20ac<br>6h = 190\u20ac<br><\/p>\n\n\n\n<p>Pontonfamilienboot <\/p>\n\n\n\n<p><strong>Eingangst\u00fcr Rollstuhlgeeignet<\/strong><\/p>\n\n\n\n<ul><li>Zugelassen f\u00fcr 5 Personen<\/li><li>F\u00fchrerscheinfrei<\/li><li>15 PS mit E-Start<\/li><li>Echolot<\/li><li>Sitzpolster<\/li><li>Badeleiter<\/li><li>Bimini Feuerl\u00f6scher<\/li><li>Anker<\/li><li>Tauwerk<\/li><li>Verbandskasten<\/li><li>Paddel<\/li><li>20 Liter Kraftstoff<\/li><li>Versicherung in H\u00f6he von 10 Euro wird bei der Kaution on Top berechnet!<\/li><\/ul>\n<\/div>\n<\/div>\n<\/div><\/div>\n\n\n\n<div class=\"wp-container-20 wp-block-columns\">\n<div class=\"wp-container-19 wp-block-column\" style=\"flex-basis:100%\">\n<div class=\"wp-container-18 wp-block-columns\">\n<div class=\"wp-container-16 wp-block-column\">\n<p class=\"has-medium-font-size\">Einfach Buchungsanfrage an: <strong>info@mietdeinboot.de<\/strong><\/p>\n<\/div>\n\n\n\n<div class=\"wp-container-17 wp-block-column\">\n<p><\/p>\n\n\n\n<p><\/p>\n<\/div>\n<\/div>\n<\/div>\n<\/div>\n\n\n\n<p>Bei \u00dcberschreitung der Mietzeit erheben wir pro angefangene Stunde 20 Euro und bei der Versicherung gibt es 250 \u20ac Selbstbeteiligung!<\/p>\n\n\n\n<p>F\u00fcr Anfragen schreibt uns am besten eine E-Mail  an info@mietdeinboot.de oder ruft uns an <a href=\"https:\/\/mietdeinboot.de\/?page_id=100\"><strong>Kontakt<\/strong><\/a>.<\/p>\n\n\n\n<p>Auf Anfrage empfiehlt dir unser erfahrenes Team auch passende Boots-routen in der Umgebung, sodass du deinen Tag rund um genie\u00dfen kannst.<\/p>\n\n\n\n<p>Hast du Fragen, dann klicke einfach auf den Button.<\/p>\n\n\n\n<div class=\"wp-container-21 is-horizontal is-content-justification-center wp-block-buttons\">\n<div class=\"wp-block-button\"><a class=\"wp-block-button__link\" href=\"https:\/\/mietdeinboot.de\/?page_id=100\" target=\"_blank\" rel=\"noreferrer noopener\">WIR HELFEN DIR GERN<\/a><\/div>\n<\/div>\n\n\n\n<p><\/p>\n","protected":false},"excerpt":{"rendered":"<p>Unsere Boote kannst du von April &#8211; Oktober mieten F\u00fcr die hier angebotenen Boote brauchst du keinen F\u00fchrerschein. Wenn du nur eine kurze Spritzfahrt machen m\u00f6chtest, vermieten wir dir unsere Traumschiffe aus dem Bootsverleih auch schon ab 3h. Magst du es lieber kompakt? Schau dir die tollen Preise unseres Bootsverleih an. W\u00e4hle das Paket, das &hellip; <\/p>\n<p class=\"link-more\"><a href=\"https:\/\/mietdeinboot.de\/?page_id=23\" class=\"more-link\"><span class=\"screen-reader-text\">\u201eBoote\u201c<\/span> weiterlesen<\/a><\/p>\n","protected":false},"author":1,"featured_media":0,"parent":0,"menu_order":0,"comment_status":"closed","ping_status":"closed","template":"template-full-width.php","meta":[],"yoast_head":"<!-- This site is optimized with the Yoast SEO plugin v19.6 - https:\/\/yoast.com\/wordpress\/plugins\/seo\/ -->\n<title>Dein Bootsverleih in Erkner bei Berlin - mietdeinboot.de<\/title>\n<meta name=\"description\" content=\"Bei mietdeinboot.de kannst du F\u00fchrerscheinfreie und F\u00fchrerscheinpflichtige Boote ausleihen. Dein Bootsverleih in Erkner. SUP&#039;s gibt es sogar auch bei uns.\" \/>\n<meta name=\"robots\" content=\"index, follow, max-snippet:-1, max-image-preview:large, max-video-preview:-1\" \/>\n<link rel=\"canonical\" href=\"https:\/\/mietdeinboot.de\/?page_id=23\" \/>\n<meta property=\"og:locale\" content=\"de_DE\" \/>\n<meta property=\"og:type\" content=\"article\" \/>\n<meta property=\"og:title\" content=\"Dein Bootsverleih in Erkner bei Berlin - mietdeinboot.de\" \/>\n<meta property=\"og:description\" content=\"Bei mietdeinboot.de kannst du F\u00fchrerscheinfreie und F\u00fchrerscheinpflichtige Boote ausleihen. Dein Bootsverleih in Erkner. SUP&#039;s gibt es sogar auch bei uns.\" \/>\n<meta property=\"og:url\" content=\"https:\/\/mietdeinboot.de\/?page_id=23\" \/>\n<meta property=\"og:site_name\" content=\"mietdeinboot.de\" \/>\n<meta property=\"article:modified_time\" content=\"2024-04-20T05:22:20+00:00\" \/>\n<meta property=\"og:image\" content=\"https:\/\/mietdeinboot.de\/wp-content\/uploads\/2021\/06\/image01885-768x1024.jpeg\" \/>\n<meta name=\"twitter:card\" content=\"summary_large_image\" \/>\n<meta name=\"twitter:label1\" content=\"Gesch\u00e4tzte Lesezeit\" \/>\n\t<meta name=\"twitter:data1\" content=\"5 Minuten\" \/>\n<script type=\"application\/ld+json\" class=\"yoast-schema-graph\">{\"@context\":\"https:\/\/schema.org\",\"@graph\":[{\"@type\":\"WebPage\",\"@id\":\"https:\/\/mietdeinboot.de\/?page_id=23\",\"url\":\"https:\/\/mietdeinboot.de\/?page_id=23\",\"name\":\"Dein Bootsverleih in Erkner bei Berlin - mietdeinboot.de\",\"isPartOf\":{\"@id\":\"https:\/\/mietdeinboot.de\/#website\"},\"datePublished\":\"2020-06-25T18:16:34+00:00\",\"dateModified\":\"2024-04-20T05:22:20+00:00\",\"description\":\"Bei mietdeinboot.de kannst du F\u00fchrerscheinfreie und F\u00fchrerscheinpflichtige Boote ausleihen. Dein Bootsverleih in Erkner. SUP's gibt es sogar auch bei uns.\",\"breadcrumb\":{\"@id\":\"https:\/\/mietdeinboot.de\/?page_id=23#breadcrumb\"},\"inLanguage\":\"de-DE\",\"potentialAction\":[{\"@type\":\"ReadAction\",\"target\":[\"https:\/\/mietdeinboot.de\/?page_id=23\"]}]},{\"@type\":\"BreadcrumbList\",\"@id\":\"https:\/\/mietdeinboot.de\/?page_id=23#breadcrumb\",\"itemListElement\":[{\"@type\":\"ListItem\",\"position\":1,\"name\":\"Startseite\",\"item\":\"https:\/\/mietdeinboot.de\/\"},{\"@type\":\"ListItem\",\"position\":2,\"name\":\"Boote\"}]},{\"@type\":\"WebSite\",\"@id\":\"https:\/\/mietdeinboot.de\/#website\",\"url\":\"https:\/\/mietdeinboot.de\/\",\"name\":\"mietdeinboot.de\",\"description\":\"\",\"publisher\":{\"@id\":\"https:\/\/mietdeinboot.de\/#organization\"},\"potentialAction\":[{\"@type\":\"SearchAction\",\"target\":{\"@type\":\"EntryPoint\",\"urlTemplate\":\"https:\/\/mietdeinboot.de\/?s={search_term_string}\"},\"query-input\":\"required name=search_term_string\"}],\"inLanguage\":\"de-DE\"},{\"@type\":\"Organization\",\"@id\":\"https:\/\/mietdeinboot.de\/#organization\",\"name\":\"Bootsverleih mietdeinboot\",\"url\":\"https:\/\/mietdeinboot.de\/\",\"sameAs\":[\"https:\/\/www.instagram.com\/mietdeinboot\/\"],\"logo\":{\"@type\":\"ImageObject\",\"inLanguage\":\"de-DE\",\"@id\":\"https:\/\/mietdeinboot.de\/#\/schema\/logo\/image\/\",\"url\":\"https:\/\/mietdeinboot.de\/wp-content\/uploads\/2020\/06\/Rastergrafik-1.png\",\"contentUrl\":\"https:\/\/mietdeinboot.de\/wp-content\/uploads\/2020\/06\/Rastergrafik-1.png\",\"width\":201,\"height\":209,\"caption\":\"Bootsverleih mietdeinboot\"},\"image\":{\"@id\":\"https:\/\/mietdeinboot.de\/#\/schema\/logo\/image\/\"}}]}<\/script>\n<!-- \/ Yoast SEO plugin. -->","yoast_head_json":{"title":"Dein Bootsverleih in Erkner bei Berlin - mietdeinboot.de","description":"Bei mietdeinboot.de kannst du F\u00fchrerscheinfreie und F\u00fchrerscheinpflichtige Boote ausleihen. Dein Bootsverleih in Erkner. SUP's gibt es sogar auch bei uns.","robots":{"index":"index","follow":"follow","max-snippet":"max-snippet:-1","max-image-preview":"max-image-preview:large","max-video-preview":"max-video-preview:-1"},"canonical":"https:\/\/mietdeinboot.de\/?page_id=23","og_locale":"de_DE","og_type":"article","og_title":"Dein Bootsverleih in Erkner bei Berlin - mietdeinboot.de","og_description":"Bei mietdeinboot.de kannst du F\u00fchrerscheinfreie und F\u00fchrerscheinpflichtige Boote ausleihen. Dein Bootsverleih in Erkner. SUP's gibt es sogar auch bei uns.","og_url":"https:\/\/mietdeinboot.de\/?page_id=23","og_site_name":"mietdeinboot.de","article_modified_time":"2024-04-20T05:22:20+00:00","og_image":[{"url":"https:\/\/mietdeinboot.de\/wp-content\/uploads\/2021\/06\/image01885-768x1024.jpeg"}],"twitter_card":"summary_large_image","twitter_misc":{"Gesch\u00e4tzte Lesezeit":"5 Minuten"},"schema":{"@context":"https:\/\/schema.org","@graph":[{"@type":"WebPage","@id":"https:\/\/mietdeinboot.de\/?page_id=23","url":"https:\/\/mietdeinboot.de\/?page_id=23","name":"Dein Bootsverleih in Erkner bei Berlin - mietdeinboot.de","isPartOf":{"@id":"https:\/\/mietdeinboot.de\/#website"},"datePublished":"2020-06-25T18:16:34+00:00","dateModified":"2024-04-20T05:22:20+00:00","description":"Bei mietdeinboot.de kannst du F\u00fchrerscheinfreie und F\u00fchrerscheinpflichtige Boote ausleihen. Dein Bootsverleih in Erkner. SUP's gibt es sogar auch bei uns.","breadcrumb":{"@id":"https:\/\/mietdeinboot.de\/?page_id=23#breadcrumb"},"inLanguage":"de-DE","potentialAction":[{"@type":"ReadAction","target":["https:\/\/mietdeinboot.de\/?page_id=23"]}]},{"@type":"BreadcrumbList","@id":"https:\/\/mietdeinboot.de\/?page_id=23#breadcrumb","itemListElement":[{"@type":"ListItem","position":1,"name":"Startseite","item":"https:\/\/mietdeinboot.de\/"},{"@type":"ListItem","position":2,"name":"Boote"}]},{"@type":"WebSite","@id":"https:\/\/mietdeinboot.de\/#website","url":"https:\/\/mietdeinboot.de\/","name":"mietdeinboot.de","description":"","publisher":{"@id":"https:\/\/mietdeinboot.de\/#organization"},"potentialAction":[{"@type":"SearchAction","target":{"@type":"EntryPoint","urlTemplate":"https:\/\/mietdeinboot.de\/?s={search_term_string}"},"query-input":"required name=search_term_string"}],"inLanguage":"de-DE"},{"@type":"Organization","@id":"https:\/\/mietdeinboot.de\/#organization","name":"Bootsverleih mietdeinboot","url":"https:\/\/mietdeinboot.de\/","sameAs":["https:\/\/www.instagram.com\/mietdeinboot\/"],"logo":{"@type":"ImageObject","inLanguage":"de-DE","@id":"https:\/\/mietdeinboot.de\/#\/schema\/logo\/image\/","url":"https:\/\/mietdeinboot.de\/wp-content\/uploads\/2020\/06\/Rastergrafik-1.png","contentUrl":"https:\/\/mietdeinboot.de\/wp-content\/uploads\/2020\/06\/Rastergrafik-1.png","width":201,"height":209,"caption":"Bootsverleih mietdeinboot"},"image":{"@id":"https:\/\/mietdeinboot.de\/#\/schema\/logo\/image\/"}}]}},"_links":{"self":[{"href":"https:\/\/mietdeinboot.de\/index.php?rest_route=\/wp\/v2\/pages\/23"}],"collection":[{"href":"https:\/\/mietdeinboot.de\/index.php?rest_route=\/wp\/v2\/pages"}],"about":[{"href":"https:\/\/mietdeinboot.de\/index.php?rest_route=\/wp\/v2\/types\/page"}],"author":[{"embeddable":true,"href":"https:\/\/mietdeinboot.de\/index.php?rest_route=\/wp\/v2\/users\/1"}],"replies":[{"embeddable":true,"href":"https:\/\/mietdeinboot.de\/index.php?rest_route=%2Fwp%2Fv2%2Fcomments&post=23"}],"version-history":[{"count":53,"href":"https:\/\/mietdeinboot.de\/index.php?rest_route=\/wp\/v2\/pages\/23\/revisions"}],"predecessor-version":[{"id":315,"href":"https:\/\/mietdeinboot.de\/index.php?rest_route=\/wp\/v2\/pages\/23\/revisions\/315"}],"wp:attachment":[{"href":"https:\/\/mietdeinboot.de\/index.php?rest_route=%2Fwp%2Fv2%2Fmedia&parent=23"}],"curies":[{"name":"wp","href":"https:\/\/api.w.org\/{rel}","templated":true}]}}